{"id":13,"date":"2018-03-20T17:41:48","date_gmt":"2018-03-20T17:41:48","guid":{"rendered":"http:\/\/ajmorales.com\/?page_id=13"},"modified":"2026-03-22T15:37:59","modified_gmt":"2026-03-22T15:37:59","slug":"biografia","status":"publish","type":"page","link":"https:\/\/ajmorales.com\/index.php\/es\/biografia\/","title":{"rendered":"Biograf\u00eda"},"content":{"rendered":"\t\t<div data-elementor-type=\"wp-page\" data-elementor-id=\"13\" class=\"elementor elementor-13\">\n\t\t\t\t\t\t<section class=\"elementor-section elementor-top-section elementor-element elementor-element-0994ced elementor-section-boxed elementor-section-height-default elementor-section-height-default\" data-id=\"0994ced\" data-element_type=\"section\" data-e-type=\"section\">\n\t\t\t\t\t\t<div class=\"elementor-container elementor-column-gap-default\">\n\t\t\t\t\t<div class=\"elementor-column elementor-col-50 elementor-top-column elementor-element elementor-element-233c75c\" data-id=\"233c75c\" data-element_type=\"column\" data-e-type=\"column\">\n\t\t\t<div class=\"elementor-widget-wrap elementor-element-populated\">\n\t\t\t\t\t\t<div class=\"elementor-element elementor-element-632dbc5 elementor-widget elementor-widget-image\" data-id=\"632dbc5\" data-element_type=\"widget\" data-e-type=\"widget\" data-widget_type=\"image.default\">\n\t\t\t\t<div class=\"elementor-widget-container\">\n\t\t\t\t\t\t\t\t\t\t\t\t\t\t\t<img fetchpriority=\"high\" decoding=\"async\" width=\"683\" height=\"1024\" src=\"https:\/\/ajmorales.com\/wp-content\/uploads\/2026\/03\/IMG_8277-1-683x1024.jpg\" class=\"attachment-large size-large wp-image-2023\" alt=\"\" srcset=\"https:\/\/ajmorales.com\/wp-content\/uploads\/2026\/03\/IMG_8277-1-683x1024.jpg 683w, https:\/\/ajmorales.com\/wp-content\/uploads\/2026\/03\/IMG_8277-1-200x300.jpg 200w, https:\/\/ajmorales.com\/wp-content\/uploads\/2026\/03\/IMG_8277-1-768x1152.jpg 768w, https:\/\/ajmorales.com\/wp-content\/uploads\/2026\/03\/IMG_8277-1-1024x1536.jpg 1024w, https:\/\/ajmorales.com\/wp-content\/uploads\/2026\/03\/IMG_8277-1-1365x2048.jpg 1365w, https:\/\/ajmorales.com\/wp-content\/uploads\/2026\/03\/IMG_8277-1-600x900.jpg 600w, https:\/\/ajmorales.com\/wp-content\/uploads\/2026\/03\/IMG_8277-1-scaled.jpg 1707w\" sizes=\"(max-width: 683px) 100vw, 683px\" \/>\t\t\t\t\t\t\t\t\t\t\t\t\t\t\t<\/div>\n\t\t\t\t<\/div>\n\t\t\t\t\t<\/div>\n\t\t<\/div>\n\t\t\t\t<div class=\"elementor-column elementor-col-50 elementor-top-column elementor-element elementor-element-466277d\" data-id=\"466277d\" data-element_type=\"column\" data-e-type=\"column\">\n\t\t\t<div class=\"elementor-widget-wrap elementor-element-populated\">\n\t\t\t\t\t\t<div class=\"elementor-element elementor-element-1eddfba elementor-widget elementor-widget-text-editor\" data-id=\"1eddfba\" data-element_type=\"widget\" data-e-type=\"widget\" data-widget_type=\"text-editor.default\">\n\t\t\t\t<div class=\"elementor-widget-container\">\n\t\t\t\t\t\t\t\t\t<p><span style=\"font-weight: 400;\">Alex Morales parece haber explorado con encendido entusiasmo y tenaz\u00a0 voluntad todos los caminos de las artes pl\u00e1sticas, guiado por el esp\u00edritu del caminante a quien no frenan ni la extensi\u00f3n ni las vueltas del camino. El arte, para \u00e9l, es el camino mismo. Y sus pasos marcan, a la vez, un derrotero y un recorrido.<br \/><\/span>Desde el delicado pincel hasta las rudas herramientas para trabajar los duros materiales del mundo, se lanza a la aventura de hacer de este mundo un lugar m\u00e1s habitable si lo pueblan, adem\u00e1s de la gente, las formas y los colores del arte.\u00a0 Para esa empresa se ha adue\u00f1ado con singular maestr\u00eda de casi todos los elementos que le ofrece su entorno, de muchos de los soportes accesibles donde se puede fundar un s\u00edmbolo pl\u00e1stico. Nada es lo suficientemente esquivo o indomable como para escapar a la intenci\u00f3n del artista, todo puede ser sometido a sus manos y a la sensibilidad transformadora e imaginativa. El lienzo o el r\u00fastico entramado, la madera plana o el voluminoso tronco que opone su resistencia al brazo escultor, la suave hoja, la amplia y recta pared o de antojadiza curvatura, cualquier material cede a los ademanes del creador. <br \/>Movido por la temprana convicci\u00f3n de un destino art\u00edstico, Morales no s\u00f3lo ha cruzado fronteras geogr\u00e1ficas y culturales, tambi\u00e9n traspasa con visible versatilidad las otras fronteras, tan tradicionales como difusas de los g\u00e9neros pl\u00e1sticos. Y lo hace al modo de un atareado obrero o un demiurgo despreocupado, como sabiendo de antemano que los resultados ser\u00e1n siempre auspiciosos y nunca escapar\u00e1n a su pleno control. As\u00ed pues, la pintura acr\u00edlica convive con la acuarela, con la tinta, con el pastel, con el l\u00e1piz, en feliz y hasta festiva comuni\u00f3n; pero la diversidad de las t\u00e9cnicas no es ni azarosa ni descuidada, est\u00e1 m\u00e1s bien en armon\u00eda con los variados motivos a los que esos procedimientos t\u00e9cnicos abordan y dan vida. La mayor parte de las veces el color es generoso, opulento, desprejuiciado y alterna, cuando el artista maneja otra clave, con la sobriedad de matices impuestos por la t\u00e9cnica o deliberadamente buscados.<br \/>Surgen as\u00ed, gracias a la conjunci\u00f3n de lo que va por arriba y a lo que sostiene por debajo, series de cuadros, murales, esculturas, artesan\u00edas, de m\u00faltiples dimensiones y emplazamientos, enriqueciendo a\u00fan m\u00e1s la diversidad de una propuesta ya de por s\u00ed diversa. <br \/>Si el artista es un buscador, entonces Morales lleva lejos esa b\u00fasqueda afiebrada desdobl\u00e1ndose en muchas direcciones sin que tal multiplicaci\u00f3n amenace en lo m\u00e1s m\u00ednimo su visi\u00f3n del conjunto.<br \/>Por sus obras desfilan temas mundanos y humanos arraigados en el solar pueblerino donde la vida parece aminorar la marcha, y cuyos recuerdos no abandonan al artista; pero tambi\u00e9n est\u00e1 presente la gran ciudad en sus trazos esenciales y reconocibles, la vida cosmopolita del gran Manhattan asomando con su silueta esbelta o los recodos urbanos donde, por efecto del encuadre tem\u00e1tico, tal vez se confunden su actual \u00e1mbito de residencia con las memorias duraderas de su lugar de origen. <br \/>Esos temas pueden ser el cl\u00e1sico bodeg\u00f3n, la naturaleza muerta pero curiosamente vital, el paisaje entrevisto a trav\u00e9s de la enramada que como una red pl\u00e1stica segmenta la continuidad del cielo, los rostros luminosos atravesados por una r\u00e1faga de ternura o de a\u00f1oranza o figuras casi fantasmales encubriendo misterios que s\u00f3lo el arte pl\u00e1stico sabe sugerir.\u00a0 <br \/>Algunas obras se complacen en un estilo al borde del hiperrealismo, revelando la destreza y la laboriosidad del artista; otras reciben un tratamiento menos ce\u00f1ido al mimetismo exhaustivo pero igualmente retienen su eficacia expresiva.\u00a0 En alg\u00fan caso puede advertirse el eco visual de Jos\u00e9 C\u00faneo, el uruguayo pintor de lunas; en otros, un dejo melanc\u00f3lico que parece venir de las escenas ap\u00e1ticas de Edward Hopper. Y tambi\u00e9n est\u00e1 presente el tributo que expl\u00edcitamente se rinde, por todo lo alto, a los grandes maestros del siglo XX, algunos de ellos ligados al muralismo que tanto atrae a Morales.<br \/>En suma se trata de una obra intensa, ejecutada con desenfado, de extraordinario vitalismo que trasunta una visi\u00f3n optimista del mundo, salpicada de cuando en cuando por una ligera l\u00e1grima que, no obstante, se evapora r\u00e1pidamente dejando apenas un toque salobre perdido en la exuberancia de formas y en la fiesta crom\u00e1tica del artista.<\/p><p><span style=\"font-weight: 400;\">Fernando Rius Herrero<\/span><\/p>\t\t\t\t\t\t\t\t<\/div>\n\t\t\t\t<\/div>\n\t\t\t\t\t<\/div>\n\t\t<\/div>\n\t\t\t\t\t<\/div>\n\t\t<\/section>\n\t\t\t\t<\/div>\n\t\t","protected":false},"excerpt":{"rendered":"<p>Alex Morales parece haber explorado con encendido entusiasmo y tenaz\u00a0 voluntad todos los caminos de las artes pl\u00e1sticas, guiado por el esp\u00edritu del caminante a quien no frenan ni la extensi\u00f3n ni las vueltas del camino. El arte, para \u00e9l, es el camino mismo. Y sus pasos marcan, a la vez, un derrotero y un [&hellip;]<\/p>\n","protected":false},"author":1,"featured_media":0,"parent":0,"menu_order":0,"comment_status":"closed","ping_status":"closed","template":"","meta":{"footnotes":""},"class_list":["post-13","page","type-page","status-publish","hentry"],"_links":{"self":[{"href":"https:\/\/ajmorales.com\/index.php\/wp-json\/wp\/v2\/pages\/13","targetHints":{"allow":["GET"]}}],"collection":[{"href":"https:\/\/ajmorales.com\/index.php\/wp-json\/wp\/v2\/pages"}],"about":[{"href":"https:\/\/ajmorales.com\/index.php\/wp-json\/wp\/v2\/types\/page"}],"author":[{"embeddable":true,"href":"https:\/\/ajmorales.com\/index.php\/wp-json\/wp\/v2\/users\/1"}],"replies":[{"embeddable":true,"href":"https:\/\/ajmorales.com\/index.php\/wp-json\/wp\/v2\/comments?post=13"}],"version-history":[{"count":21,"href":"https:\/\/ajmorales.com\/index.php\/wp-json\/wp\/v2\/pages\/13\/revisions"}],"predecessor-version":[{"id":2029,"href":"https:\/\/ajmorales.com\/index.php\/wp-json\/wp\/v2\/pages\/13\/revisions\/2029"}],"wp:attachment":[{"href":"https:\/\/ajmorales.com\/index.php\/wp-json\/wp\/v2\/media?parent=13"}],"curies":[{"name":"wp","href":"https:\/\/api.w.org\/{rel}","templated":true}]}}