{"id":48,"date":"2018-03-21T13:29:06","date_gmt":"2018-03-21T13:29:06","guid":{"rendered":"http:\/\/ajmorales.com\/?page_id=48"},"modified":"2026-01-12T16:24:05","modified_gmt":"2026-01-12T16:24:05","slug":"c-v-2","status":"publish","type":"page","link":"https:\/\/ajmorales.com\/index.php\/es\/c-v-2\/","title":{"rendered":"C.V."},"content":{"rendered":"\t\t<div data-elementor-type=\"wp-page\" data-elementor-id=\"48\" class=\"elementor elementor-48\">\n\t\t\t\t\t\t<section class=\"elementor-section elementor-top-section elementor-element elementor-element-3f9014a elementor-section-boxed elementor-section-height-default elementor-section-height-default\" data-id=\"3f9014a\" data-element_type=\"section\" data-e-type=\"section\">\n\t\t\t\t\t\t<div class=\"elementor-container elementor-column-gap-default\">\n\t\t\t\t\t<div class=\"elementor-column elementor-col-100 elementor-top-column elementor-element elementor-element-65d7210\" data-id=\"65d7210\" data-element_type=\"column\" data-e-type=\"column\">\n\t\t\t<div class=\"elementor-widget-wrap elementor-element-populated\">\n\t\t\t\t\t\t<div class=\"elementor-element elementor-element-662fe3d elementor-widget elementor-widget-heading\" data-id=\"662fe3d\" data-element_type=\"widget\" data-e-type=\"widget\" data-widget_type=\"heading.default\">\n\t\t\t\t<div class=\"elementor-widget-container\">\n\t\t\t\t\t<h4 class=\"elementor-heading-title elementor-size-default\">Curriculum Vitae<\/h4>\t\t\t\t<\/div>\n\t\t\t\t<\/div>\n\t\t\t\t<div class=\"elementor-element elementor-element-6a690a8 elementor-widget-divider--view-line elementor-widget elementor-widget-divider\" data-id=\"6a690a8\" data-element_type=\"widget\" data-e-type=\"widget\" data-widget_type=\"divider.default\">\n\t\t\t\t<div class=\"elementor-widget-container\">\n\t\t\t\t\t\t\t<div class=\"elementor-divider\">\n\t\t\t<span class=\"elementor-divider-separator\">\n\t\t\t\t\t\t<\/span>\n\t\t<\/div>\n\t\t\t\t\t\t<\/div>\n\t\t\t\t<\/div>\n\t\t\t\t<div class=\"elementor-element elementor-element-90a749b elementor-widget elementor-widget-text-editor\" data-id=\"90a749b\" data-element_type=\"widget\" data-e-type=\"widget\" data-widget_type=\"text-editor.default\">\n\t\t\t\t<div class=\"elementor-widget-container\">\n\t\t\t\t\t\t\t\t\t<p>Morales trabaja en la creaci\u00f3n y venta de su arte, alternando entre las din\u00e1micas escenas art\u00edsticas de Uruguay y Estados Unidos.<\/p><p><strong>Exhibiciones<\/strong><\/p><p><strong>2026<\/strong>&#8211; MART, feria nacional e internacional, Punta del Este, Uruguay<\/p><p><strong>2025<\/strong>&#8211; 1 premio Concurso Latinoamericano de Pintura \u201cTrazos Latinos\u201d<\/p><p>Obra: Abundancia\u00a0<\/p><p><strong>2025<\/strong>-Lobos Art Punta, Lobos Marinos Punta del Este<\/p><p><strong>2025 &#8211;<\/strong> MasterArt Fair, feria nacional e internacional, Punta del Este, Uruguay<\/p><p><strong>2024 &#8211; <\/strong>Realizaci\u00f3n de la obra ,\u00bb El Principio del Infinito\u00bb. Para el afiche de la 17a.edicion de la Feria Internacional de Promoci\u00f3n de la Lectura y el Libro en San Jos\u00e9 de Mayo, Uruguay<br \/><strong>2024 &#8211;<\/strong> Exposici\u00f3n individual. \u00abEsp\u00edritu del caminante\u00bb Espacio Cultural San Jos\u00e9 de Mayo, Uruguay.<br \/><strong>2024 &#8211; <\/strong>Restauraci\u00f3n del Mural de Carlos Pa\u00e9z Vilar\u00f3 utilizado como escenograf\u00eda del Programa \u00abde Igual a Igual\u00bb, San Jos\u00e9 de Mayo, Uruguay.<strong><br \/>2023 &#8211;<\/strong> La Junta Departamental de San jos\u00e9 otorga un emotivo reconocimiento y una plaqueta alusiva a la trayectoria art\u00edstica.<\/p><div><strong>2021 &#8211; <\/strong>SALON INTERNACIONAL DE ARTE CONTEMPOR\u00c1NEO. Carrousel du Louvre. Paris &#8211; Francia.<strong><br \/>2020 &#8211;<\/strong> Exhibici\u00f3n individual &#8211; \u00abRetrospectiva De Hoboken\u00bb &#8211; Museo Hist\u00f3rico de Hoboken &#8211; New Jersey &#8211; ( Estados Unidos)<\/div><div><strong>2020 &#8211;<\/strong>\u00a0Concurso de Artes Visuales &#8211; Circle Foundation for the Arts &#8211; obra \u201cEL VUELO\u201d recibe Certificado de Excelencia. &#8211; Lyon &#8211; (Francia)<\/div><div><strong>2020 &#8211;<\/strong>\u00a0Exhibici\u00f3n colectiva : The AvantGarde Galer\u00eda &#8211; Philadelphia &#8211; (Estados Unidos)<\/div><div><strong>2019 &#8211;<\/strong> Morales recibe el primer premio como mejor artista de latinoam\u00e9rica y el caribe de la revista Inglesa DESTIG por su obra\u00a0\u201cCRISTO\u201d\u00a0<br \/><a href=\"https:\/\/www.destig.com\/alex-morales.html#\" target=\"_blank\" rel=\"noopener\" data-saferedirecturl=\"https:\/\/www.google.com\/url?q=https:\/\/www.destig.com\/alex-morales.html%23&amp;source=gmail&amp;ust=1610805691218000&amp;usg=AFQjCNEUSU736XmFBis3r2z8Uk66T3F6GA\">https:\/\/www.destig.com\/alex-<wbr \/>morales.html#<\/a><\/div><div><strong>2019 &#8211;<\/strong>\u00a0XII Bienal internacional de Florencia &#8211; Florencia &#8211; (Italia)<\/div><div><strong>2019 &#8211;<\/strong>\u00a028\u00ba Festival Anual de Arte y M\u00fasica de Edgewater.\u00a0 Primer premio al mejor arte.\u00a0New Jersey &#8211; (Estados Unidos).<br \/><strong>2018 &#8211;<\/strong> Waterfront Arts Gala\u201d Hoboken, New Jersey &#8211; (Estados Unidos)<br \/><strong>2017 &#8211;<\/strong> Feria Anual de Arte de Hoboken\u201d &#8211; Hoboken, New Jersey &#8211; (Estados Unidos)<br \/><strong>2016 &#8211;<\/strong> Exposici\u00f3n individual \u2013 \u00abACUARELAS\u00bb Museo Hist\u00f3rico de Hoboken\u201d &#8211; Hoboken &#8211; New Jersey &#8211; (Estados Unidos).<br \/><strong>2016 &#8211;<\/strong> Inauguraci\u00f3n\u00a0 galer\u00eda de arte \u00abALEX MORALES ATELIER AND ART GALLERY\u00bb en Hoboken &#8211; New Jersey &#8211; (Estados Unidos).<br \/><strong>2016 &#8211;<\/strong>\u00a0Morales se convierte en miembro de varias organizaciones de artistas: ArteLatAm, The American Watercolor Association, and the New York Artists Equity Association.<br \/><strong>2015 &#8211;<\/strong> Exposici\u00f3n individual \u2013 \u201cConozca al artista\u201d Orama Restaurant. &#8211; Edgewater &#8211; (Estados Unidos)<br \/><strong>2014 &#8211;<\/strong> Exposici\u00f3n colectiva \u2013 \u201cGeorge Billis Art Gallery\u201d &#8211; Nueva York &#8211; (Estados Unidos)<br \/><strong>2014 &#8211;<\/strong> Exposici\u00f3n colectiva \u2013 Una mirada al Tango\u00a0 \u201cTeatro Maccio\u201d &#8211; San Jos\u00e9 de Mayo &#8211; (Uruguay)<br \/><strong>2013 &#8211;<\/strong>\u00a0Morales crea\u00a0 el mural \u00bb VIDA\u00bb y el mosaico &#8216;FLORES\u00bb en el restaurante de alta gama \u201cOrama\u201d en Edgewater &#8211; (Estados Unidos)<br \/><strong>2012 &#8211;<\/strong>\u00a0Morales crea dos de sus obras de arte m\u00e1s grandes para colecciones privadas:\u00a0 Mural\u00a0 \u201cla PRESENTACI\u00d3N DE VAN GOGH\u201d &#8211; escultura\u00a0 \u201cANGEL GUARDIAN\u201d<br \/><strong>2011 &#8211;<\/strong> Exposici\u00f3n colectiva \u2013 \u201cBryant Park Hotel\u201d\u00a0 &#8211; Nueva York &#8211; (Estados Unidos)<\/div><div><strong>2011 &#8211;<\/strong><span style=\"color: #0c0c0c; font-family: Arial, sans-serif;\">\u00a0<\/span>Exposici\u00f3n colectiva \u2013 \u201cChelsea Hotel\u201d\u00a0 &#8211; Nueva York &#8211; (Estados Unidos)<\/div><div><strong>2011 &#8211;<\/strong><span style=\"color: #0c0c0c; font-family: Arial, sans-serif;\">\u00a0<\/span>Exposici\u00f3n colectiva \u2013 \u201cCON-Gallery\u201d\u00a0 &#8211; Barcelona &#8211; (Espa\u00f1a)<\/div><div><strong>2010 &#8211;<\/strong> Exposici\u00f3n colectiva \u2013 \u201cA-Forest Gallery\u201d &#8211; Nueva York &#8211; (Estados Unidos)<\/div><div><strong>2010 &#8211;<\/strong> Exposici\u00f3n colectiva \u2013 \u201cSpace Womb\u201d\u00a0 &#8211; Long Island City &#8211; (Estados Unidos)<\/div><div><strong>2010 &#8211;<\/strong>\u00a0Exposici\u00f3n individual \u2013 T\u00e9cnicas y tem\u00e1ticas \u201cEmbajada de Uruguay\u201d\u00a0 &#8211; Nueva York &#8211; (Estados Unidos)<\/div><div><strong>2009 &#8211;<\/strong>\u00a0Exposici\u00f3n colectiva \u2013 Work of Genius Reality Show \u2013 \u201cEdenRoc Hotel\u201d &#8211; Miami Beach &#8211; (Estados Unidos)<\/div><div><strong>2009 &#8211;<\/strong> Morales es seleccionado entre 18,000 artistas de Los \u00c1ngeles, Nueva York y Miami para competir en el reality show Work of Genius. &#8211; Miami &#8211; (Estados Unidos)<\/div><div><strong>2009 &#8211;<\/strong> Exposici\u00f3n individual \u2013 \u201cBanana Republic\u2019s The Fall 5 After 5\u201d &#8211; Miami Beach &#8211;\u00a0 Florida &#8211; (Estados Unidos)<\/div><div><strong>2009 &#8211;<\/strong><span style=\"color: #0c0c0c; font-family: Arial, sans-serif;\">\u00a0<\/span>Exposici\u00f3n colectiva \u2013 Semana del Patrimonio del Inmigrante.\u00a0 \u201cFundaci\u00f3n Internacional de Inmigrantes\u201d &#8211; Nueva York &#8211; (Estados Unidos)<\/div><div><strong>2008 &#8211;<\/strong><span style=\"color: #0c0c0c; font-family: Arial, sans-serif;\">\u00a0<\/span>Exposici\u00f3n colectiva \u2013 \u201cGallery 4\u201d Garden State Plaza. &#8211; Nueva Jersey &#8211;\u00a0 (Estados Unidos)<\/div><div><strong>2008 &#8211;<\/strong> Morales es contratado como\u00a0 ilustrador y muralista para \u201cGreen Team Advertising Agency\u201d en Nueva York &#8211; (Estados Unidos)<br \/><strong>2007 &#8211;<\/strong><span style=\"color: #0c0c0c; font-family: Arial, sans-serif;\">\u00a0<\/span>Morales se radica en los Estados Unidos donde se le otorga la prestigiosa Visa O-1 para artistas con habilidades extraordinarias.<\/div><div><strong>2007 &#8211;<\/strong> Exposici\u00f3n colectiva &#8211; Segunda Fiesta de las Comunidades &#8211; \u201cEcilda Paullier\u201d &#8211; San Jos\u00e9 &#8211; (Uruguay)<\/div><div><strong>2007 &#8211;<\/strong> Exhibici\u00f3n\u00a0permanente\u00a0 MURAL \u201cWenceslao Varela\u201d\u00a0 Museo Wenceslao Varela en San Jos\u00e9 de Mayo &#8211; (Uruguay)<\/div><div><strong>2007 &#8211;<\/strong>\u00a0Exhibici\u00f3n\u00a0permanente\u00a0 MURAL \u201cPaco Espinola\u201d\u00a0 Biblioteca Departamental de San Jos\u00e9 de\u00a0Mayo &#8211; (Uruguay)<\/div><div><strong>2007 &#8211;<\/strong> Exhibici\u00f3n del MURAL \u201cFransisco ( Paco) Espinola\u201d en la Primera Feria del\u00a0 Libro en San Jos\u00e9 de Mayo &#8211; (Uruguay)<\/div><div><strong>2006 &#8211;<\/strong> Exposici\u00f3n colectiva \u2013 Artistas Maragatos \u201cTeatro Artigas\u201d &#8211; Trinidad &#8211; Flores &#8211; (Uruguay)<\/div><div><strong>2006 &#8211;<\/strong> Exposici\u00f3n colectiva \u2013 Artistas Maragatos \u201cBasti\u00f3n del Carmen\u201d\u00a0 Colonia &#8211; (Uruguay)<\/div><div><strong>2006 &#8211;<\/strong> Morales es nominado por la Asociaci\u00f3n de Artistas Pl\u00e1sticos de San Jos\u00e9 para representar al\u00a0 Departamento de San Jos\u00e9 en Primer Asamblea Nacional de Cultura, organizada por el Ministerio de Educaci\u00f3n y Cultura de Uruguay.<\/div><div><strong>2005 &#8211;<\/strong> Es miembro de la Subcomisi\u00f3n del Museo Departamental de Bellas Artes de San Jos\u00e9 de Mayo, Uruguay, con el prop\u00f3sito de promover las artes visuales y apoyar a los artistas.<\/div><div><strong>2005 &#8211;<\/strong> Es cofundador y vicepresidente de la Asociaci\u00f3n de Artistas Pl\u00e1sticos del departamento de San Jos\u00e9 &#8211; (Uruguay)<\/div><div><strong>2005 &#8211;<\/strong> Exposici\u00f3n colectiva \u2013 Artistas Maragatos \u201cQuinta del Horno\u201d &#8211; San Jos\u00e9 de Mayo &#8211; (Uruguay)<\/div><div><strong>2004 &#8211;<\/strong> Exhibe en \u201cGaler\u00eda Vivendi\u201d &#8211; Montevideo &#8211; (Uruguay)<\/div><div><strong>2004 &#8211;<\/strong> Exposici\u00f3n individual \u2013 Pinceladas \u201cSala Carbajal Auditorio del Sodre\u201d &#8211; Montevideo &#8211; (Uruguay)<\/div><div><strong>2003 &#8211;<\/strong> Exposici\u00f3n permanente \u2013 \u201cGaler\u00eda Diana\u201d &#8211; San Jos\u00e9 de Mayo &#8211; (Uruguay)<\/div><div><strong>2003 &#8211;<\/strong> Exposici\u00f3n individual &#8211; \u201cRETROSPECTIVA\u201d Teatro Maccio\u201d &#8211; San Jos\u00e9 de Mayo &#8211; (Uruguay)<\/div><div><strong>2002 &#8211;<\/strong> Exposici\u00f3n individual &#8211; \u201cMuseo Departamental de San Jos\u00e9\u201d &#8211; San Jos\u00e9 de Mayo &#8211; (Uruguay)<\/div><div><strong>2001 &#8211;<\/strong> Exposici\u00f3n individual \u2013 \u201cSociedad italiana\u201d &#8211; Canelones &#8211; (Uruguay)<\/div><div><strong>2001 &#8211;<\/strong> Exposici\u00f3n individual \u2013 \u201cCasa de la cultura Jos\u00e9 Enrique Rod\u00f3\u201d &#8211; Santa Luc\u00eda &#8211; Canelones &#8211; (Uruguay)<\/div><div><strong>2000 &#8211;<\/strong> Exposici\u00f3n individual \u2013 \u201cGaler\u00eda Plaza\u00bb- Santa Luc\u00eda &#8211; Canelones &#8211; (Uruguay)<\/div><div><strong>1999 &#8211;<\/strong> Morales es reconocido por la prensa como uno de los mejores decoradores de clubes, restaurantes y pubs a nivel nacional.<\/div><div><strong>1997 &#8211;<\/strong> Expande su trabajo al dise\u00f1o de interiores.<\/div><div><strong>1996 &#8211;<\/strong> Morales sirve como modelo para comerciales de televisi\u00f3n<\/div><div><strong>1995 &#8211;<\/strong> Se dedica a realizar\u00a0 escenograf\u00edas para la televisi\u00f3n nacional uruguaya.<\/div><div><strong>1994 &#8211;<\/strong> Regresa a Uruguay y es contratado por la agencia de publicidad \u201cUnidad Publicitaria\u201d, donde se desempe\u00f1a como ilustrador y creativo durante tres a\u00f1os.<\/div><div><strong>1990 &#8211;<\/strong> Viaja\u00a0a Buenos Aires, donde trabaja en el campo de la publicidad est\u00e1tica durante cuatro a\u00f1os y pinta sus primeros murales a gran escala.<\/div><div><strong>1988 &#8211;<\/strong> Exposici\u00f3n individual \u2013 \u201cHotel Camelot\u201d Punta del Este &#8211; Maldonado &#8211; (Uruguay)<\/div><div><strong>1988 &#8211;<\/strong> Exposici\u00f3n individual &#8211; \u201cClub Social San Jos\u00e9\u201d , San Jos\u00e9 de Mayo &#8211; (Uruguay)<\/div><div><strong>1987 &#8211;<\/strong> Morales ingresa al campo de la publicidad est\u00e1tica como pintor de letras y carteles<\/div><div><strong>1987 &#8211;<\/strong> Sal\u00f3n Nacional &#8211; Concurso 75 a\u00f1os \u201cTeatro Macci\u00f3\u201d San Jos\u00e9 &#8211; San Jos\u00e9 de Mayo &#8211; (Uruguay)<\/div><div><strong>1986 &#8211;<\/strong> Exposici\u00f3n colectiva &#8211; \u201cMuseo Departamental de San Jos\u00e9\u201d &#8211; San Jos\u00e9 de Mayo &#8211; (Uruguay)<\/div><div><strong>1985 &#8211;<\/strong> Exposici\u00f3n colectiva- \u201cTaller del Rincon\u201d Montevideo &#8211; (Uruguay)<\/div><div><strong>1985 &#8211;<\/strong> Primer Exposici\u00f3n colectiva \u2013 \u201cMuseo Departamental de San Jos\u00e9\u201d San Jos\u00e9 de Mayo &#8211; (Uruguay)<\/div><div><strong>1985 &#8211;<\/strong> Completa su formaci\u00f3n art\u00edstica con \u00e9nfasis en dibujo y pintura.<\/div><div><strong>1983 &#8211;<\/strong> Morales comienza su educaci\u00f3n formal en Artes Visuales en el \u201cMuseo Departamental de Bellas Artes\u201d de San Jos\u00e9 de Mayo (Uruguay)<\/div><div><strong>1969 &#8211;<\/strong>\u00a0Alex Morales naci\u00f3 el 22 de julio de 1969 en San Jos\u00e9 de Mayo (Uruguay)<\/div>\t\t\t\t\t\t\t\t<\/div>\n\t\t\t\t<\/div>\n\t\t\t\t\t<\/div>\n\t\t<\/div>\n\t\t\t\t\t<\/div>\n\t\t<\/section>\n\t\t\t\t<\/div>\n\t\t","protected":false},"excerpt":{"rendered":"<p>Curriculum Vitae Morales trabaja en la creaci\u00f3n y venta de su arte, alternando entre las din\u00e1micas escenas art\u00edsticas de Uruguay y Estados Unidos. Exhibiciones 2026&#8211; MART, feria nacional e internacional, Punta del Este, Uruguay 2025&#8211; 1 premio Concurso Latinoamericano de Pintura \u201cTrazos Latinos\u201d Obra: Abundancia\u00a0 2025-Lobos Art Punta, Lobos Marinos Punta del Este 2025 &#8211; [&hellip;]<\/p>\n","protected":false},"author":1,"featured_media":0,"parent":0,"menu_order":0,"comment_status":"closed","ping_status":"closed","template":"","meta":{"footnotes":""},"class_list":["post-48","page","type-page","status-publish","hentry"],"_links":{"self":[{"href":"https:\/\/ajmorales.com\/index.php\/wp-json\/wp\/v2\/pages\/48","targetHints":{"allow":["GET"]}}],"collection":[{"href":"https:\/\/ajmorales.com\/index.php\/wp-json\/wp\/v2\/pages"}],"about":[{"href":"https:\/\/ajmorales.com\/index.php\/wp-json\/wp\/v2\/types\/page"}],"author":[{"embeddable":true,"href":"https:\/\/ajmorales.com\/index.php\/wp-json\/wp\/v2\/users\/1"}],"replies":[{"embeddable":true,"href":"https:\/\/ajmorales.com\/index.php\/wp-json\/wp\/v2\/comments?post=48"}],"version-history":[{"count":62,"href":"https:\/\/ajmorales.com\/index.php\/wp-json\/wp\/v2\/pages\/48\/revisions"}],"predecessor-version":[{"id":1557,"href":"https:\/\/ajmorales.com\/index.php\/wp-json\/wp\/v2\/pages\/48\/revisions\/1557"}],"wp:attachment":[{"href":"https:\/\/ajmorales.com\/index.php\/wp-json\/wp\/v2\/media?parent=48"}],"curies":[{"name":"wp","href":"https:\/\/api.w.org\/{rel}","templated":true}]}}