{"id":408,"date":"2018-04-20T14:22:41","date_gmt":"2018-04-20T14:22:41","guid":{"rendered":"http:\/\/ajmorales.com\/?post_type=product&#038;p=408"},"modified":"2026-02-16T21:01:54","modified_gmt":"2026-02-16T21:01:54","slug":"pajaro-negro","status":"publish","type":"product","link":"https:\/\/ajmorales.com\/index.php\/producto\/pajaro-negro\/","title":{"rendered":"P\u00e1jaro Negro"},"content":{"rendered":"<p>Cuerno de b\u00fafalo de Sud Am\u00e9rica, tallado a mano con apliques de cuero y madera.<\/p>\n<p>Size :<\/p>\n<p>15 inches.<br \/>\n12 inches.<\/p>\n<p>Medidas en cm:<\/p>\n<p>38.1 cm de altura<br \/>\n30.48 cm de base<\/p>\n<p><strong><em><a href=\"https:\/\/ajmorales.com\/index.php\/contacto-2\/\">Consult\u00a0price from this form<\/a><\/em><\/strong><\/p>\n","protected":false},"excerpt":{"rendered":"<p>Cuerno de b\u00fafalo de Sud Am\u00e9rica, tallado a mano con apliques de cuero y madera.<\/p>\n","protected":false},"featured_media":409,"comment_status":"open","ping_status":"closed","template":"","meta":[],"product_brand":[],"product_cat":[34],"product_tag":[37,36,35,38],"class_list":{"0":"post-408","1":"product","2":"type-product","3":"status-publish","4":"has-post-thumbnail","6":"product_cat-sculptures","7":"product_tag-bird","8":"product_tag-escultura","9":"product_tag-pajaro","10":"product_tag-sculpture","12":"first","13":"instock","14":"sold-individually","15":"taxable","16":"shipping-taxable","17":"product-type-simple"},"_links":{"self":[{"href":"https:\/\/ajmorales.com\/index.php\/wp-json\/wp\/v2\/product\/408","targetHints":{"allow":["GET"]}}],"collection":[{"href":"https:\/\/ajmorales.com\/index.php\/wp-json\/wp\/v2\/product"}],"about":[{"href":"https:\/\/ajmorales.com\/index.php\/wp-json\/wp\/v2\/types\/product"}],"replies":[{"embeddable":true,"href":"https:\/\/ajmorales.com\/index.php\/wp-json\/wp\/v2\/comments?post=408"}],"wp:featuredmedia":[{"embeddable":true,"href":"https:\/\/ajmorales.com\/index.php\/wp-json\/wp\/v2\/media\/409"}],"wp:attachment":[{"href":"https:\/\/ajmorales.com\/index.php\/wp-json\/wp\/v2\/media?parent=408"}],"wp:term":[{"taxonomy":"product_brand","embeddable":true,"href":"https:\/\/ajmorales.com\/index.php\/wp-json\/wp\/v2\/product_brand?post=408"},{"taxonomy":"product_cat","embeddable":true,"href":"https:\/\/ajmorales.com\/index.php\/wp-json\/wp\/v2\/product_cat?post=408"},{"taxonomy":"product_tag","embeddable":true,"href":"https:\/\/ajmorales.com\/index.php\/wp-json\/wp\/v2\/product_tag?post=408"}],"curies":[{"name":"wp","href":"https:\/\/api.w.org\/{rel}","templated":true}]}}